{"id":17931,"date":"2026-02-02T14:45:35","date_gmt":"2026-02-02T14:45:35","guid":{"rendered":"https:\/\/bestinsaatas.com\/our-group-companies\/"},"modified":"2026-02-18T09:00:07","modified_gmt":"2026-02-18T09:00:07","slug":"our-group-companies","status":"publish","type":"page","link":"https:\/\/bestinsaatas.com\/en\/our-group-companies\/","title":{"rendered":"Our Group Companies"},"content":{"rendered":"\t\t<div data-elementor-type=\"wp-page\" data-elementor-id=\"17931\" class=\"elementor elementor-17931\" data-elementor-post-type=\"page\">\n\t\t\t\t<div class=\"elementor-element elementor-element-3d2511f e-con-full e-flex e-con e-parent\" data-id=\"3d2511f\" data-element_type=\"container\">\n\t\t\t\t<div class=\"elementor-element elementor-element-a1d76f0 elementor-widget elementor-widget-html\" data-id=\"a1d76f0\" data-element_type=\"widget\" data-widget_type=\"html.default\">\n\t\t\t\t\t<!-- OUR GROUP COMPANIES HERO SECTION -->\n<section class=\"best-hero-section best-hero-grup\">\n  <div class=\"best-hero-bg\"><\/div>\n  <div class=\"best-hero-content\">\n    <span class=\"best-hero-badge\">Our Group Companies<\/span>\n    <h1 class=\"best-hero-title\">Our Group Companies<\/h1>\n    <p class=\"best-hero-subtitle\">Our group companies, leaders in various sectors, provide comprehensive solutions to our clients through their deep expertise and innovative approaches.<\/p>\n    <div class=\"best-hero-stats\">\n      <div class=\"best-hero-stat\">\n        <div class=\"best-hero-stat-value\">5<sup>+<\/sup><\/div>\n        <div class=\"best-hero-stat-label\">Group Companies<\/div>\n      <\/div>\n      <div class=\"best-hero-stat\">\n        <div class=\"best-hero-stat-value\">4<sup>+<\/sup><\/div>\n        <div class=\"best-hero-stat-label\">Different Sectors<\/div>\n      <\/div>\n      <div class=\"best-hero-stat\">\n        <div class=\"best-hero-stat-value\">28<sup>+<\/sup><\/div>\n        <div class=\"best-hero-stat-label\">Years of Experience<\/div>\n      <\/div>\n    <\/div>\n  <\/div>\n<\/section>\n\n<!-- GROUP INTRODUCTION SECTION -->\n<section class=\"best-grup-intro-section\">\n  <div class=\"best-container\">\n    <div class=\"best-section-header fade-in\">\n      <h2>About Us<\/h2>\n      <h3>A Strong Structure, Expertise in Different Sectors<\/h3>\n    <\/div>\n    <div class=\"best-grup-intro-text fade-in\">\n      <p>Our group companies are leaders in various sectors, each possessing deep expertise in its field. They aim to enhance success in the industry by offering innovative and comprehensive solutions tailored to the needs of our clients.<\/p>\n      <p>Our companies operating in the energy, food, petroleum, and transportation sectors adopt sustainable growth and customer satisfaction as fundamental principles.<\/p>\n    <\/div>\n  <\/div>\n<\/section>\n\n<!-- GROUP COMPANIES SECTION -->\n<section class=\"best-grup-sirketler-section\">\n  <div class=\"best-container\">\n    <div class=\"best-section-header fade-in\">\n      <h2>Our Companies<\/h2>\n      <h3>Group Companies<\/h3>\n    <\/div>\n    <div class=\"best-grup-grid fade-in\">\n      \n      <!-- Best Tasar\u0131m \u0130n\u015faat -->\n      <div class=\"best-grup-card\">\n        <div class=\"best-grup-card-icon\">\n          <svg viewBox=\"0 0 24 24\" fill=\"none\" stroke=\"currentColor\" stroke-width=\"2\">\n            <path d=\"M2 20h20\"\/>\n            <path d=\"M5 20V8l7-5 7 5v12\"\/>\n            <path d=\"M9 20v-6h6v6\"\/>\n            <path d=\"M9 12h6\"\/>\n          <\/svg>\n        <\/div>\n        <div class=\"best-grup-card-content\">\n          <span class=\"best-grup-card-sector\">Construction & Infrastructure<\/span>\n          <h3>Best Tasar\u0131m \u0130n\u015faat A.\u015e.<\/h3>\n          <p>Operating since 1997 in the infrastructure, dam, irrigation, energy, and modular building sectors, it is the main company of the group. It has completed over 300 projects across Turkey.<\/p>\n          <ul class=\"best-grup-card-features\">\n            <li>\n              <svg viewBox=\"0 0 24 24\" fill=\"none\" stroke=\"currentColor\" stroke-width=\"2\"><polyline points=\"20 6 9 17 4 12\"\/><\/svg>\n              Dam & Irrigation Projects\n            <\/li>\n            <li>\n              <svg viewBox=\"0 0 24 24\" fill=\"none\" stroke=\"currentColor\" stroke-width=\"2\"><polyline points=\"20 6 9 17 4 12\"\/><\/svg>\n              Infrastructure & Superstructure Construction\n            <\/li>\n            <li>\n              <svg viewBox=\"0 0 24 24\" fill=\"none\" stroke=\"currentColor\" stroke-width=\"2\"><polyline points=\"20 6 9 17 4 12\"\/><\/svg>\n              Modular Building Systems\n            <\/li>\n          <\/ul>\n        <\/div>\n      <\/div>\n\n      <!-- Lima\u015f Enerji -->\n      <div class=\"best-grup-card\">\n        <div class=\"best-grup-card-icon\">\n          <svg viewBox=\"0 0 24 24\" fill=\"none\" stroke=\"currentColor\" stroke-width=\"2\">\n            <path d=\"M13 2L3 14h9l-1 8 10-12h-9l1-8z\"\/>\n          <\/svg>\n        <\/div>\n        <div class=\"best-grup-card-content\">\n          <span class=\"best-grup-card-sector\">Energy Sector<\/span>\n          <h3>Lima\u015f Enerji Yat\u0131r\u0131m \u00dcretim ve Ticaret A.\u015e.<\/h3>\n          <p>Lima\u015f Enerji provides sustainable solutions in the fields of production and trade by making innovative investments in the energy sector.<\/p>\n          <ul class=\"best-grup-card-features\">\n            <li>\n              <svg viewBox=\"0 0 24 24\" fill=\"none\" stroke=\"currentColor\" stroke-width=\"2\"><polyline points=\"20 6 9 17 4 12\"\/><\/svg>\n              Energy Production\n            <\/li>\n            <li>\n              <svg viewBox=\"0 0 24 24\" fill=\"none\" stroke=\"currentColor\" stroke-width=\"2\"><polyline points=\"20 6 9 17 4 12\"\/><\/svg>\n              Innovative Investments\n            <\/li>\n            <li>\n              <svg viewBox=\"0 0 24 24\" fill=\"none\" stroke=\"currentColor\" stroke-width=\"2\"><polyline points=\"20 6 9 17 4 12\"\/><\/svg>\n              Sustainable Solutions\n            <\/li>\n          <\/ul>\n        <\/div>\n      <\/div>\n\n      <!-- U\u00e7ay G\u0131da -->\n      <div class=\"best-grup-card\">\n        <div class=\"best-grup-card-icon\">\n          <svg viewBox=\"0 0 24 24\" fill=\"none\" stroke=\"currentColor\" stroke-width=\"2\">\n            <path d=\"M18 8h1a4 4 0 0 1 0 8h-1\"\/>\n            <path d=\"M2 8h16v9a4 4 0 0 1-4 4H6a4 4 0 0 1-4-4V8z\"\/>\n            <line x1=\"6\" y1=\"1\" x2=\"6\" y2=\"4\"\/>\n            <line x1=\"10\" y1=\"1\" x2=\"10\" y2=\"4\"\/>\n            <line x1=\"14\" y1=\"1\" x2=\"14\" y2=\"4\"\/>\n          <\/svg>\n        <\/div>\n        <div class=\"best-grup-card-content\">\n          <span class=\"best-grup-card-sector\">Food Sector<\/span>\n          <h3>U\u00e7ay G\u0131da Pazarlama A.\u015e.<\/h3>\n          <p>U\u00e7ay G\u0131da continues to strengthen its leadership in the sector with quality and healthy food products, maintaining an extensive marketing network.<\/p>\n          <ul class=\"best-grup-card-features\">\n            <li>\n              <svg viewBox=\"0 0 24 24\" fill=\"none\" stroke=\"currentColor\" stroke-width=\"2\"><polyline points=\"20 6 9 17 4 12\"\/><\/svg>\n              Quality Products\n            <\/li>\n            <li>\n              <svg viewBox=\"0 0 24 24\" fill=\"none\" stroke=\"currentColor\" stroke-width=\"2\"><polyline points=\"20 6 9 17 4 12\"\/><\/svg>\n              Extensive Marketing Network\n            <\/li>\n            <li>\n              <svg viewBox=\"0 0 24 24\" fill=\"none\" stroke=\"currentColor\" stroke-width=\"2\"><polyline points=\"20 6 9 17 4 12\"\/><\/svg>\n              Sector Leadership\n            <\/li>\n          <\/ul>\n        <\/div>\n      <\/div>\n\n      <!-- Lima\u015f Petrol -->\n      <div class=\"best-grup-card\">\n        <div class=\"best-grup-card-icon\">\n          <svg viewBox=\"0 0 24 24\" fill=\"none\" stroke=\"currentColor\" stroke-width=\"2\">\n            <path d=\"M2 12h4l3-9 6 18 3-9h4\"\/>\n          <\/svg>\n        <\/div>\n        <div class=\"best-grup-card-content\">\n          <span class=\"best-grup-card-sector\">Petroleum Sector<\/span>\n          <h3>Lima\u015f Petrol San. ve Tic. A.\u015e.<\/h3>\n          <p>Lima\u015f Petrol serves customer demands in the energy sector with reliable and high-quality petroleum products in the best possible way.<\/p>\n          <ul class=\"best-grup-card-features\">\n            <li>\n              <svg viewBox=\"0 0 24 24\" fill=\"none\" stroke=\"currentColor\" stroke-width=\"2\"><polyline points=\"20 6 9 17 4 12\"\/><\/svg>\n              Reliable Service\n            <\/li>\n            <li>\n              <svg viewBox=\"0 0 24 24\" fill=\"none\" stroke=\"currentColor\" stroke-width=\"2\"><polyline points=\"20 6 9 17 4 12\"\/><\/svg>\n              High Quality\n            <\/li>\n            <li>\n              <svg viewBox=\"0 0 24 24\" fill=\"none\" stroke=\"currentColor\" stroke-width=\"2\"><polyline points=\"20 6 9 17 4 12\"\/><\/svg>\n              Customer-Oriented\n            <\/li>\n          <\/ul>\n        <\/div>\n      <\/div>\n\n      <!-- ENS Metro Yap\u0131 -->\n      <div class=\"best-grup-card\">\n        <div class=\"best-grup-card-icon\">\n          <svg viewBox=\"0 0 24 24\" fill=\"none\" stroke=\"currentColor\" stroke-width=\"2\">\n            <rect x=\"4\" y=\"3\" width=\"16\" height=\"14\" rx=\"2\"\/>\n            <path d=\"M4 10h16\"\/>\n            <path d=\"M8 21l2-4\"\/>\n            <path d=\"M16 21l-2-4\"\/>\n            <path d=\"M9 7h6\"\/>\n          <\/svg>\n        <\/div>\n        <div class=\"best-grup-card-content\">\n          <span class=\"best-grup-card-sector\">Transportation & Rail Systems<\/span>\n          <h3>ENS Metro Yap\u0131 A.\u015e.<\/h3>\n          <p>Since 2016, it has been operating in the construction contracting sector, specializing in the construction of metro, high-speed train, and light rail system lines.<\/p>\n          <ul class=\"best-grup-card-features\">\n            <li>\n              <svg viewBox=\"0 0 24 24\" fill=\"none\" stroke=\"currentColor\" stroke-width=\"2\"><polyline points=\"20 6 9 17 4 12\"\/><\/svg>\n              Metro Construction\n            <\/li>\n            <li>\n              <svg viewBox=\"0 0 24 24\" fill=\"none\" stroke=\"currentColor\" stroke-width=\"2\"><polyline points=\"20 6 9 17 4 12\"\/><\/svg>\n              High-Speed Train Lines\n            <\/li>\n            <li>\n              <svg viewBox=\"0 0 24 24\" fill=\"none\" stroke=\"currentColor\" stroke-width=\"2\"><polyline points=\"20 6 9 17 4 12\"\/><\/svg>\n              Light Rail Systems\n            <\/li>\n          <\/ul>\n        <\/div>\n      <\/div>\n\n    <\/div>\n  <\/div>\n<\/section>\n\n<!-- CALL TO ACTION SECTION -->\n<section class=\"best-cta-section\">\n  <div class=\"best-container\">\n    <div class=\"best-cta-box fade-in\">\n      <div class=\"best-cta-content\">\n        <h3>Contact Us for Collaboration<\/h3>\n        <p>You can get in touch with us for detailed information about our group companies.<\/p>\n      <\/div>\n      <div class=\"best-cta-buttons\">\n        <a href=\"\/iletisim\" class=\"best-btn best-btn-primary\">\n          <svg viewBox=\"0 0 24 24\" fill=\"none\" stroke=\"currentColor\" stroke-width=\"2\" width=\"20\" height=\"20\"><path d=\"M3 8l7.89 5.26a2 2 0 002.22 0L21 8M5 19h14a2 2 0 002-2V7a2 2 0 00-2-2H5a2 2 0 00-2 2v10a2 2 0 002 2z\"\/><\/svg>\n          Contact Us\n        <\/a>\n        <a href=\"\/hakkimizda\" class=\"best-btn best-btn-outline\">\n          About Us\n          <svg viewBox=\"0 0 24 24\" fill=\"none\" stroke=\"currentColor\" stroke-width=\"2\" width=\"20\" height=\"20\"><line x1=\"5\" y1=\"12\" x2=\"19\" y2=\"12\"\/><polyline points=\"12 5 19 12 12 19\"\/><\/svg>\n        <\/a>\n      <\/div>\n    <\/div>\n  <\/div>\n<\/section>\t\t\t\t<\/div>\n\t\t\t\t<\/div>\n\t\t\t\t<\/div>\n\t\t","protected":false},"excerpt":{"rendered":"<p>Our Group Companies Our Group Companies Our group companies, leaders in various sectors, provide comprehensive solutions to our clients through their deep [&hellip;]<\/p>\n","protected":false},"author":1,"featured_media":0,"parent":0,"menu_order":0,"comment_status":"closed","ping_status":"closed","template":"","meta":{"_acf_changed":false,"inline_featured_image":false,"footnotes":""},"class_list":["post-17931","page","type-page","status-publish","hentry"],"acf":[],"_links":{"self":[{"href":"https:\/\/bestinsaatas.com\/en\/wp-json\/wp\/v2\/pages\/17931","targetHints":{"allow":["GET"]}}],"collection":[{"href":"https:\/\/bestinsaatas.com\/en\/wp-json\/wp\/v2\/pages"}],"about":[{"href":"https:\/\/bestinsaatas.com\/en\/wp-json\/wp\/v2\/types\/page"}],"author":[{"embeddable":true,"href":"https:\/\/bestinsaatas.com\/en\/wp-json\/wp\/v2\/users\/1"}],"replies":[{"embeddable":true,"href":"https:\/\/bestinsaatas.com\/en\/wp-json\/wp\/v2\/comments?post=17931"}],"version-history":[{"count":0,"href":"https:\/\/bestinsaatas.com\/en\/wp-json\/wp\/v2\/pages\/17931\/revisions"}],"wp:attachment":[{"href":"https:\/\/bestinsaatas.com\/en\/wp-json\/wp\/v2\/media?parent=17931"}],"curies":[{"name":"wp","href":"https:\/\/api.w.org\/{rel}","templated":true}]}}